{"id":10,"date":"2023-06-02T23:58:28","date_gmt":"2023-06-02T23:58:28","guid":{"rendered":"https:\/\/zora.com.ar\/?page_id=10"},"modified":"2023-06-03T00:39:37","modified_gmt":"2023-06-03T00:39:37","slug":"cambio-plc","status":"publish","type":"page","link":"https:\/\/zora.com.ar\/index.php\/cambio-plc\/","title":{"rendered":"CAMBIO PLC"},"content":{"rendered":"\n<p>Durante la vida \u00fatil del automatismo se encuentran varias etapas, una de las mas importantes es el upgrade o cambio de PLC.<\/p>\n\n\n\n<p>En la mayor\u00eda de los casos estos cambios se producen al queda fuera de oferta los respuestas y software de programaci\u00f3n del equipo.<\/p>\n\n\n\n<p>En otras ocasiones una modificaci\u00f3n del equipo, por ejemplo, la instalaci\u00f3n de un movimiento servo motorizado, nos obligue tecnol\u00f3gicamente a realizar el cambio del PLC.<\/p>\n\n\n\n<figure class=\"wp-block-image size-large is-resized\"><img loading=\"lazy\" decoding=\"async\" src=\"https:\/\/zora.com.ar\/wp-content\/uploads\/2023\/06\/PHOTO_20140606_162246-1024x617.jpg\" alt=\"\" class=\"wp-image-74\" width=\"689\" height=\"415\" srcset=\"https:\/\/zora.com.ar\/wp-content\/uploads\/2023\/06\/PHOTO_20140606_162246-1024x617.jpg 1024w, https:\/\/zora.com.ar\/wp-content\/uploads\/2023\/06\/PHOTO_20140606_162246-300x181.jpg 300w, https:\/\/zora.com.ar\/wp-content\/uploads\/2023\/06\/PHOTO_20140606_162246-768x463.jpg 768w, https:\/\/zora.com.ar\/wp-content\/uploads\/2023\/06\/PHOTO_20140606_162246-1536x926.jpg 1536w, https:\/\/zora.com.ar\/wp-content\/uploads\/2023\/06\/PHOTO_20140606_162246-2048x1235.jpg 2048w\" sizes=\"auto, (max-width: 689px) 100vw, 689px\" \/><\/figure>\n\n\n\n<p>La \u00faltima causa puede ser un desorden y mal mantenimiento a tal punto que necesitemos una intervenci\u00f3n tan profunda que se caiga de maduro que es necesario cambiar del PLC.<\/p>\n\n\n\n<p>Otra causa, es un mal dise\u00f1o del tablero el\u00e9ctrico que fuerza las salidas del PLC a trabajar con cargas demasiado altas y provocar un desgaste prematuro de las mismas, convirti\u00e9ndose en un dolor de cabeza a la hora de producir y pudiendo generar importantes da\u00f1os.<\/p>\n\n\n\n<p>La situaci\u00f3n de m\u00e1ximo peligro seria una perdida del PLC, sin back up, ni repuestos. Sumado a alguna de las situaciones anteriores, por ejemplo, un PLC que no se fabrica m\u00e1s. Pueden generarnos importantes p\u00e9rdidas de producci\u00f3n que ser\u00e1n probablemente de semanas en el caso de tener un servicio de nivel acorde.<\/p>\n\n\n\n<p>Zora tiene muy entrenado este trabajo, nos lo tomamos muy en serio.<\/p>\n\n\n\n<p>Incluso realizados el recableado completo de maquinaria al mismo tiempo que cambiamos el PLC. Con muchas prioridades, pero la mas importante, reducir el tiempo de parada el equipo al m\u00ednimo posible.<\/p>\n\n\n\n<p>Podemos realizar el cambio de PLC en un equipo envolvedor en el d\u00eda, y en caso de paletizadores peque\u00f1os llegamos a hacerlo en 2 d\u00edas. Pero ese tiempo es solamente de parada de m\u00e1quina, nosotros nos tomamos el tiempo necesario de preparaci\u00f3n para poder adem\u00e1s de cumplir con el cambio, que el mismo requiera que ese tiempo de parada sea m\u00ednimo.<\/p>\n\n\n\n<figure class=\"wp-block-image size-large is-resized\"><img loading=\"lazy\" decoding=\"async\" src=\"https:\/\/zora.com.ar\/wp-content\/uploads\/2023\/06\/IMG_20221202_084514-576x1024.jpg\" alt=\"\" class=\"wp-image-66\" width=\"352\" height=\"625\" srcset=\"https:\/\/zora.com.ar\/wp-content\/uploads\/2023\/06\/IMG_20221202_084514-576x1024.jpg 576w, https:\/\/zora.com.ar\/wp-content\/uploads\/2023\/06\/IMG_20221202_084514-169x300.jpg 169w, https:\/\/zora.com.ar\/wp-content\/uploads\/2023\/06\/IMG_20221202_084514-768x1365.jpg 768w, https:\/\/zora.com.ar\/wp-content\/uploads\/2023\/06\/IMG_20221202_084514-864x1536.jpg 864w, https:\/\/zora.com.ar\/wp-content\/uploads\/2023\/06\/IMG_20221202_084514-1152x2048.jpg 1152w, https:\/\/zora.com.ar\/wp-content\/uploads\/2023\/06\/IMG_20221202_084514-scaled.jpg 1440w\" sizes=\"auto, (max-width: 352px) 100vw, 352px\" \/><\/figure>\n","protected":false},"excerpt":{"rendered":"<p>Durante la vida \u00fatil del automatismo se encuentran varias etapas, una de las mas importantes es el upgrade o cambio de PLC. En la mayor\u00eda de los casos estos cambios se producen al queda fuera de oferta los respuestas y software de programaci\u00f3n del equipo. En otras ocasiones una modificaci\u00f3n del equipo, por ejemplo, la&hellip;&nbsp;<a href=\"https:\/\/zora.com.ar\/index.php\/cambio-plc\/\" class=\"\" rel=\"bookmark\">Leer m\u00e1s &raquo;<span class=\"screen-reader-text\">CAMBIO PLC<\/span><\/a><\/p>\n","protected":false},"author":1,"featured_media":0,"parent":0,"menu_order":0,"comment_status":"closed","ping_status":"closed","template":"","meta":{"neve_meta_sidebar":"","neve_meta_container":"","neve_meta_enable_content_width":"","neve_meta_content_width":0,"neve_meta_title_alignment":"","neve_meta_author_avatar":"","neve_post_elements_order":"","neve_meta_disable_header":"","neve_meta_disable_footer":"","neve_meta_disable_title":"","footnotes":""},"class_list":["post-10","page","type-page","status-publish","hentry"],"_links":{"self":[{"href":"https:\/\/zora.com.ar\/index.php\/wp-json\/wp\/v2\/pages\/10","targetHints":{"allow":["GET"]}}],"collection":[{"href":"https:\/\/zora.com.ar\/index.php\/wp-json\/wp\/v2\/pages"}],"about":[{"href":"https:\/\/zora.com.ar\/index.php\/wp-json\/wp\/v2\/types\/page"}],"author":[{"embeddable":true,"href":"https:\/\/zora.com.ar\/index.php\/wp-json\/wp\/v2\/users\/1"}],"replies":[{"embeddable":true,"href":"https:\/\/zora.com.ar\/index.php\/wp-json\/wp\/v2\/comments?post=10"}],"version-history":[{"count":2,"href":"https:\/\/zora.com.ar\/index.php\/wp-json\/wp\/v2\/pages\/10\/revisions"}],"predecessor-version":[{"id":99,"href":"https:\/\/zora.com.ar\/index.php\/wp-json\/wp\/v2\/pages\/10\/revisions\/99"}],"wp:attachment":[{"href":"https:\/\/zora.com.ar\/index.php\/wp-json\/wp\/v2\/media?parent=10"}],"curies":[{"name":"wp","href":"https:\/\/api.w.org\/{rel}","templated":true}]}}