{"id":12,"date":"2023-06-02T23:58:57","date_gmt":"2023-06-02T23:58:57","guid":{"rendered":"https:\/\/zora.com.ar\/?page_id=12"},"modified":"2023-06-30T02:07:45","modified_gmt":"2023-06-30T02:07:45","slug":"servicio-tecnico","status":"publish","type":"page","link":"https:\/\/zora.com.ar\/index.php\/servicio-tecnico\/","title":{"rendered":"SERVICIO TECNICO"},"content":{"rendered":"\n<p>Durante la visita t\u00e9cnica para la reparaci\u00f3n de equipos industriales, nuestro experimentado equipo de t\u00e9cnicos altamente capacitados se desplazar\u00e1 a su ubicaci\u00f3n para diagnosticar y solucionar cualquier problema que pueda afectar el rendimiento de sus equipos. Nuestro enfoque eficiente y meticuloso garantiza una evaluaci\u00f3n exhaustiva de los equipos, identificando las aver\u00edas y realizando las reparaciones necesarias con habilidad y precisi\u00f3n. Nuestros t\u00e9cnicos utilizar\u00e1n herramientas y equipos especializados para llevar a cabo las reparaciones de manera segura y efectiva, minimizando el tiempo de inactividad y optimizando la productividad de su planta. Con una s\u00f3lida experiencia en reparaci\u00f3n de equipos industriales, nos comprometemos a proporcionar soluciones confiables y de calidad que garanticen un funcionamiento eficiente de sus equipos.<\/p>\n\n\n\n<figure class=\"wp-block-image size-large\"><img loading=\"lazy\" decoding=\"async\" width=\"512\" height=\"1024\" src=\"https:\/\/zora.com.ar\/wp-content\/uploads\/2023\/06\/IMG_20210303_164101-512x1024.jpg\" alt=\"\" class=\"wp-image-41\" srcset=\"https:\/\/zora.com.ar\/wp-content\/uploads\/2023\/06\/IMG_20210303_164101-512x1024.jpg 512w, https:\/\/zora.com.ar\/wp-content\/uploads\/2023\/06\/IMG_20210303_164101-150x300.jpg 150w, https:\/\/zora.com.ar\/wp-content\/uploads\/2023\/06\/IMG_20210303_164101-768x1536.jpg 768w, https:\/\/zora.com.ar\/wp-content\/uploads\/2023\/06\/IMG_20210303_164101-1024x2048.jpg 1024w, https:\/\/zora.com.ar\/wp-content\/uploads\/2023\/06\/IMG_20210303_164101-scaled.jpg 1280w\" sizes=\"auto, (max-width: 512px) 100vw, 512px\" \/><\/figure>\n","protected":false},"excerpt":{"rendered":"<p>Durante la visita t\u00e9cnica para la reparaci\u00f3n de equipos industriales, nuestro experimentado equipo de t\u00e9cnicos altamente capacitados se desplazar\u00e1 a su ubicaci\u00f3n para diagnosticar y solucionar cualquier problema que pueda afectar el rendimiento de sus equipos. Nuestro enfoque eficiente y meticuloso garantiza una evaluaci\u00f3n exhaustiva de los equipos, identificando las aver\u00edas y realizando las reparaciones&hellip;&nbsp;<a href=\"https:\/\/zora.com.ar\/index.php\/servicio-tecnico\/\" class=\"\" rel=\"bookmark\">Leer m\u00e1s &raquo;<span class=\"screen-reader-text\">SERVICIO TECNICO<\/span><\/a><\/p>\n","protected":false},"author":1,"featured_media":0,"parent":0,"menu_order":0,"comment_status":"closed","ping_status":"closed","template":"","meta":{"neve_meta_sidebar":"","neve_meta_container":"","neve_meta_enable_content_width":"","neve_meta_content_width":0,"neve_meta_title_alignment":"","neve_meta_author_avatar":"","neve_post_elements_order":"","neve_meta_disable_header":"","neve_meta_disable_footer":"","neve_meta_disable_title":"","footnotes":""},"class_list":["post-12","page","type-page","status-publish","hentry"],"_links":{"self":[{"href":"https:\/\/zora.com.ar\/index.php\/wp-json\/wp\/v2\/pages\/12","targetHints":{"allow":["GET"]}}],"collection":[{"href":"https:\/\/zora.com.ar\/index.php\/wp-json\/wp\/v2\/pages"}],"about":[{"href":"https:\/\/zora.com.ar\/index.php\/wp-json\/wp\/v2\/types\/page"}],"author":[{"embeddable":true,"href":"https:\/\/zora.com.ar\/index.php\/wp-json\/wp\/v2\/users\/1"}],"replies":[{"embeddable":true,"href":"https:\/\/zora.com.ar\/index.php\/wp-json\/wp\/v2\/comments?post=12"}],"version-history":[{"count":2,"href":"https:\/\/zora.com.ar\/index.php\/wp-json\/wp\/v2\/pages\/12\/revisions"}],"predecessor-version":[{"id":121,"href":"https:\/\/zora.com.ar\/index.php\/wp-json\/wp\/v2\/pages\/12\/revisions\/121"}],"wp:attachment":[{"href":"https:\/\/zora.com.ar\/index.php\/wp-json\/wp\/v2\/media?parent=12"}],"curies":[{"name":"wp","href":"https:\/\/api.w.org\/{rel}","templated":true}]}}