{"id":17,"date":"2023-06-03T00:00:20","date_gmt":"2023-06-03T00:00:20","guid":{"rendered":"https:\/\/zora.com.ar\/?page_id=17"},"modified":"2023-06-03T00:40:38","modified_gmt":"2023-06-03T00:40:38","slug":"envolvedores-de-palet","status":"publish","type":"page","link":"https:\/\/zora.com.ar\/index.php\/envolvedores-de-palet\/","title":{"rendered":"ENVOLVEDORES DE PALET"},"content":{"rendered":"\n<p>Envolvedores de palets de alta producci\u00f3n<\/p>\n\n\n\n<p>Los envolvedores de palets se encargan de envolver el palet en pl\u00e1stico tipo film strecht, para poder retener la mercader\u00eda durante el transporte y su acopio.<\/p>\n\n\n\n<p>Generalmente son los \u00faltimos equipos de una l\u00ednea autom\u00e1tica y tiene un impacto directo a la eficiencia de la productividad.<\/p>\n\n\n\n<figure class=\"wp-block-gallery has-nested-images columns-default is-cropped wp-block-gallery-1 is-layout-flex wp-block-gallery-is-layout-flex\">\n<figure class=\"wp-block-image size-large\"><img loading=\"lazy\" decoding=\"async\" width=\"576\" height=\"1024\" data-id=\"79\" src=\"https:\/\/zora.com.ar\/wp-content\/uploads\/2023\/06\/PHOTO_20160413_184106-576x1024.jpg\" alt=\"\" class=\"wp-image-79\" srcset=\"https:\/\/zora.com.ar\/wp-content\/uploads\/2023\/06\/PHOTO_20160413_184106-576x1024.jpg 576w, https:\/\/zora.com.ar\/wp-content\/uploads\/2023\/06\/PHOTO_20160413_184106-169x300.jpg 169w, https:\/\/zora.com.ar\/wp-content\/uploads\/2023\/06\/PHOTO_20160413_184106-768x1365.jpg 768w, https:\/\/zora.com.ar\/wp-content\/uploads\/2023\/06\/PHOTO_20160413_184106-864x1536.jpg 864w, https:\/\/zora.com.ar\/wp-content\/uploads\/2023\/06\/PHOTO_20160413_184106-1152x2048.jpg 1152w, https:\/\/zora.com.ar\/wp-content\/uploads\/2023\/06\/PHOTO_20160413_184106-scaled.jpg 1440w\" sizes=\"auto, (max-width: 576px) 100vw, 576px\" \/><\/figure>\n\n\n\n<figure class=\"wp-block-image size-large\"><img loading=\"lazy\" decoding=\"async\" width=\"768\" height=\"1024\" data-id=\"20\" src=\"https:\/\/zora.com.ar\/wp-content\/uploads\/2023\/06\/1685460269442-768x1024.jpg\" alt=\"\" class=\"wp-image-20\" srcset=\"https:\/\/zora.com.ar\/wp-content\/uploads\/2023\/06\/1685460269442-768x1024.jpg 768w, https:\/\/zora.com.ar\/wp-content\/uploads\/2023\/06\/1685460269442-225x300.jpg 225w, https:\/\/zora.com.ar\/wp-content\/uploads\/2023\/06\/1685460269442-1152x1536.jpg 1152w, https:\/\/zora.com.ar\/wp-content\/uploads\/2023\/06\/1685460269442-1536x2048.jpg 1536w, https:\/\/zora.com.ar\/wp-content\/uploads\/2023\/06\/1685460269442-scaled.jpg 1920w\" sizes=\"auto, (max-width: 768px) 100vw, 768px\" \/><\/figure>\n<\/figure>\n\n\n\n<p>Las paletas mal envueltas pueden incluso generar accidentes de tr\u00e1nsito y de almacenaje. Es un equipo de vital importancia para el cuidado, manipuleo y calidad de tu producci\u00f3n.<\/p>\n\n\n\n<p>El palet entra en el equipo a trav\u00e9s de un transporte automatizado para ubicarse en la posici\u00f3n optima de envoltura, la cual adem\u00e1s es verificada por el automatismo.<\/p>\n\n\n\n<p>Posee un conjunto de pinzas, cortador y planchador de nylon el cual es clave para el funcionamiento continuo del equipo sin necesidad de un operador.<\/p>\n\n\n\n<p>Sobre la estructura gira el brazo de envoltura el cual sostiene el cabezal, el cual adem\u00e1s puede subir y bajar para poder envolver la paleta. Este sistema forma un movimiento tipo helicoidal, el cual puede regularse desde la pantalla de operaci\u00f3n.<\/p>\n\n\n\n<p>El alma del equipo es un sistema de anillos rozantes el\u00e9ctricos los cuales permiten tener, motores, sensores, neum\u00e1tica y hasta incluso protocolos de comunicaci\u00f3n industrial, dentro del la estructura de&nbsp;giro.<\/p>\n","protected":false},"excerpt":{"rendered":"<p>Envolvedores de palets de alta producci\u00f3n Los envolvedores de palets se encargan de envolver el palet en pl\u00e1stico tipo film strecht, para poder retener la mercader\u00eda durante el transporte y su acopio. Generalmente son los \u00faltimos equipos de una l\u00ednea autom\u00e1tica y tiene un impacto directo a la eficiencia de la productividad. Las paletas mal&hellip;&nbsp;<a href=\"https:\/\/zora.com.ar\/index.php\/envolvedores-de-palet\/\" class=\"\" rel=\"bookmark\">Leer m\u00e1s &raquo;<span class=\"screen-reader-text\">ENVOLVEDORES DE PALET<\/span><\/a><\/p>\n","protected":false},"author":1,"featured_media":0,"parent":0,"menu_order":0,"comment_status":"closed","ping_status":"closed","template":"","meta":{"neve_meta_sidebar":"","neve_meta_container":"","neve_meta_enable_content_width":"","neve_meta_content_width":0,"neve_meta_title_alignment":"","neve_meta_author_avatar":"","neve_post_elements_order":"","neve_meta_disable_header":"","neve_meta_disable_footer":"","neve_meta_disable_title":"","footnotes":""},"class_list":["post-17","page","type-page","status-publish","hentry"],"_links":{"self":[{"href":"https:\/\/zora.com.ar\/index.php\/wp-json\/wp\/v2\/pages\/17","targetHints":{"allow":["GET"]}}],"collection":[{"href":"https:\/\/zora.com.ar\/index.php\/wp-json\/wp\/v2\/pages"}],"about":[{"href":"https:\/\/zora.com.ar\/index.php\/wp-json\/wp\/v2\/types\/page"}],"author":[{"embeddable":true,"href":"https:\/\/zora.com.ar\/index.php\/wp-json\/wp\/v2\/users\/1"}],"replies":[{"embeddable":true,"href":"https:\/\/zora.com.ar\/index.php\/wp-json\/wp\/v2\/comments?post=17"}],"version-history":[{"count":2,"href":"https:\/\/zora.com.ar\/index.php\/wp-json\/wp\/v2\/pages\/17\/revisions"}],"predecessor-version":[{"id":100,"href":"https:\/\/zora.com.ar\/index.php\/wp-json\/wp\/v2\/pages\/17\/revisions\/100"}],"wp:attachment":[{"href":"https:\/\/zora.com.ar\/index.php\/wp-json\/wp\/v2\/media?parent=17"}],"curies":[{"name":"wp","href":"https:\/\/api.w.org\/{rel}","templated":true}]}}